{"id":12,"date":"2025-01-15T18:36:58","date_gmt":"2025-01-15T17:36:58","guid":{"rendered":"https:\/\/www.weltbewusst-tuebingen.de\/?page_id=12"},"modified":"2025-03-06T11:48:09","modified_gmt":"2025-03-06T10:48:09","slug":"impressum","status":"publish","type":"page","link":"https:\/\/www.weltbewusst-tuebingen.de\/?page_id=12","title":{"rendered":"Impressum"},"content":{"rendered":"\n<p>Verantwortlich f\u00fcr den Inhalt:<\/p>\n\n\n\n<p>Act for Animals e. V.<\/p>\n\n\n\n<p>Postadresse: <\/p>\n\n\n\n<p>Act for Animals e. V.<\/p>\n\n\n\n<p>c\/o Infoladen<\/p>\n\n\n\n<p>Schellingstra\u00dfe 6<\/p>\n\n\n\n<p>72070 T\u00fcbingen<\/p>\n\n\n\n<p>Eingetragen und als gemeinn\u00fctzig anerkannter Verein im Vereinsregister Stuttgart mit der VR-Nr. 381844.<\/p>\n\n\n\n<p>E-Mail:\u00a0<a href=\"javascript:linkTo_UnCryptMailto(%27qempxs.mrjsDegx1jsv1ermqepw2hi%27);\">info[at]act-for-animals.de\u00a0<\/a><br>Web:\u00a0<a href=\"http:\/\/www.act-for-animals.de\/\" target=\"_blank\" rel=\"noreferrer noopener\">www.act-for-animals.de<\/a><\/p>\n\n\n\n<h2 class=\"wp-block-heading\">Autoren<\/h2>\n\n\n\n<p>Siehe Autorennachweis der jeweiligen Artikel. Bei Artikeln ohne Autorennennung&nbsp;ist der Verein Act for Animals der Autor.&nbsp;<\/p>\n\n\n\n<h2 class=\"wp-block-heading\">Copyright<\/h2>\n\n\n\n<p><strong>Texte:&nbsp;<\/strong>Eine Verwendung der Texte auf dieser Website unter Nennung der Quelle \u00bbwww.weltbewusst-tuebingen\u00ab oder \u00bbWeltbewusst T\u00fcbingen\u00ab ist erlaubt und ausdr\u00fccklich erw\u00fcnscht.<br><br><strong>Bilder:&nbsp;<\/strong>Bilder von dieser Website k\u00f6nnen f\u00fcr nicht kommerzielle Zwecke unter Angabe der jeweils genannten Quelle kostenlos verwendet werden.&nbsp;<\/p>\n\n\n\n<h2 class=\"wp-block-heading\">Datenschutz<\/h2>\n\n\n\n<p>Wir nehmen den Schutz Ihrer pers\u00f6nlichen Daten sehr ernst und halten uns strikt an die Regeln der Datenschutzgesetze. Personenbezogene Daten werden auf dieser Webseite nur auf freiwilliger Basis erhoben. In keinem Fall werden die erhobenen Daten verkauft oder aus anderen Gr\u00fcnden an Dritte weitergegeben. Die Nutzung der Angebote und Dienste ist, soweit m\u00f6glich, ist stets ohne Angabe personenbezogener Daten m\u00f6glich.&nbsp;<br><\/p>\n\n\n\n<h2 class=\"wp-block-heading\">Haftungsausschluss<\/h2>\n\n\n\n<p>Die Inhalte unserer Seiten wurden mit gr\u00f6\u00dfter Sorgfalt erstellt. F\u00fcr die Richtigkeit, Vollst\u00e4ndigkeit und Aktualit\u00e4t der Inhalte k\u00f6nnen wir jedoch keine Gew\u00e4hr \u00fcbernehmen.&nbsp;<br>Unser Angebot enth\u00e4lt Links zu externen Webseiten Dritter, auf deren Inhalte wir keinen Einfluss haben. Deshalb k\u00f6nnen wir f\u00fcr diese fremden Inhalte auch keine Gew\u00e4hr \u00fcbernehmen. F\u00fcr die Inhalte der verlinkten Seiten ist stets der jeweilige Anbieter oder Betreiber der Seiten verantwortlich. Die verlinkten Seiten wurden zum Zeitpunkt der Verlinkung auf m\u00f6gliche Rechtsverst\u00f6\u00dfe \u00fcberpr\u00fcft. Rechtswidrige Inhalte waren zum Zeitpunkt der Verlinkung nicht erkennbar. Eine permanente inhaltliche Kontrolle der verlinkten Seiten ist jedoch ohne konkrete Anhaltspunkte einer Rechtsverletzung nicht zumutbar. Bei bekannt werden von Rechtsverletzungen werden wir derartige Links umgehend entfernen.<\/p>\n\n\n\n<p><\/p>\n","protected":false},"excerpt":{"rendered":"<p>Verantwortlich f\u00fcr den Inhalt: Act for Animals e. V. Postadresse: Act for Animals e. V. c\/o Infoladen Schellingstra\u00dfe 6 72070 T\u00fcbingen Eingetragen und als gemeinn\u00fctzig anerkannter Verein im Vereinsregister Stuttgart mit der VR-Nr. 381844. E-Mail:\u00a0info[at]act-for-animals.de\u00a0Web:\u00a0www.act-for-animals.de Autoren Siehe Autorennachweis der jeweiligen Artikel. Bei Artikeln ohne Autorennennung&nbsp;ist der Verein Act for Animals der Autor.&nbsp; Copyright Texte:&nbsp;Eine Verwendung [&hellip;]<\/p>\n","protected":false},"author":1,"featured_media":0,"parent":0,"menu_order":2,"comment_status":"closed","ping_status":"closed","template":"","meta":{"footnotes":""},"class_list":["post-12","page","type-page","status-publish","hentry"],"_links":{"self":[{"href":"https:\/\/www.weltbewusst-tuebingen.de\/index.php?rest_route=\/wp\/v2\/pages\/12","targetHints":{"allow":["GET"]}}],"collection":[{"href":"https:\/\/www.weltbewusst-tuebingen.de\/index.php?rest_route=\/wp\/v2\/pages"}],"about":[{"href":"https:\/\/www.weltbewusst-tuebingen.de\/index.php?rest_route=\/wp\/v2\/types\/page"}],"author":[{"embeddable":true,"href":"https:\/\/www.weltbewusst-tuebingen.de\/index.php?rest_route=\/wp\/v2\/users\/1"}],"replies":[{"embeddable":true,"href":"https:\/\/www.weltbewusst-tuebingen.de\/index.php?rest_route=%2Fwp%2Fv2%2Fcomments&post=12"}],"version-history":[{"count":3,"href":"https:\/\/www.weltbewusst-tuebingen.de\/index.php?rest_route=\/wp\/v2\/pages\/12\/revisions"}],"predecessor-version":[{"id":90,"href":"https:\/\/www.weltbewusst-tuebingen.de\/index.php?rest_route=\/wp\/v2\/pages\/12\/revisions\/90"}],"wp:attachment":[{"href":"https:\/\/www.weltbewusst-tuebingen.de\/index.php?rest_route=%2Fwp%2Fv2%2Fmedia&parent=12"}],"curies":[{"name":"wp","href":"https:\/\/api.w.org\/{rel}","templated":true}]}}