{"id":2,"date":"2024-12-10T04:44:40","date_gmt":"2024-12-10T03:44:40","guid":{"rendered":"https:\/\/www.weltbewusst-tuebingen.de\/?page_id=2"},"modified":"2025-03-24T19:04:59","modified_gmt":"2025-03-24T18:04:59","slug":"beispiel-seite","status":"publish","type":"page","link":"https:\/\/www.weltbewusst-tuebingen.de\/?page_id=2","title":{"rendered":"\u00dcber uns"},"content":{"rendered":"\n<p>WELTbewusst T\u00fcbingen ist eine bunt gemischte Gruppe aus Aktiven.<\/p>\n\n\n\n<p>Lust, die Konsumkritischen Stadtrundg\u00e4nge mitzugestalten? Wir freuen uns immer \u00fcber neue Engagierte, die sich einbringen m\u00f6chten. Melde dich unter: <a href=\"mailto:info@weltbewusst-tuebingen.de\">info[at]weltbewusst-tuebingen.de<\/a><\/p>\n\n\n\n<p>Die Konsumkritischen Stadtrundg\u00e4nge finden unter Mitwirkung von Act for Animals e. V. statt.<\/p>\n\n\n\n<p>Die \u00f6ffentlichen Konsumkritischen Stadtrundg\u00e4nge werden in Kooperation mit der Volkshochschule T\u00fcbingen angeboten.<\/p>\n","protected":false},"excerpt":{"rendered":"<p>WELTbewusst T\u00fcbingen ist eine bunt gemischte Gruppe aus Aktiven. Lust, die Konsumkritischen Stadtrundg\u00e4nge mitzugestalten? Wir freuen uns immer \u00fcber neue Engagierte, die sich einbringen m\u00f6chten. Melde dich unter: info[at]weltbewusst-tuebingen.de Die Konsumkritischen Stadtrundg\u00e4nge finden unter Mitwirkung von Act for Animals e. V. statt. Die \u00f6ffentlichen Konsumkritischen Stadtrundg\u00e4nge werden in Kooperation mit der Volkshochschule T\u00fcbingen angeboten.<\/p>\n","protected":false},"author":1,"featured_media":0,"parent":0,"menu_order":0,"comment_status":"closed","ping_status":"open","template":"","meta":{"footnotes":""},"class_list":["post-2","page","type-page","status-publish","hentry"],"_links":{"self":[{"href":"https:\/\/www.weltbewusst-tuebingen.de\/index.php?rest_route=\/wp\/v2\/pages\/2","targetHints":{"allow":["GET"]}}],"collection":[{"href":"https:\/\/www.weltbewusst-tuebingen.de\/index.php?rest_route=\/wp\/v2\/pages"}],"about":[{"href":"https:\/\/www.weltbewusst-tuebingen.de\/index.php?rest_route=\/wp\/v2\/types\/page"}],"author":[{"embeddable":true,"href":"https:\/\/www.weltbewusst-tuebingen.de\/index.php?rest_route=\/wp\/v2\/users\/1"}],"replies":[{"embeddable":true,"href":"https:\/\/www.weltbewusst-tuebingen.de\/index.php?rest_route=%2Fwp%2Fv2%2Fcomments&post=2"}],"version-history":[{"count":4,"href":"https:\/\/www.weltbewusst-tuebingen.de\/index.php?rest_route=\/wp\/v2\/pages\/2\/revisions"}],"predecessor-version":[{"id":106,"href":"https:\/\/www.weltbewusst-tuebingen.de\/index.php?rest_route=\/wp\/v2\/pages\/2\/revisions\/106"}],"wp:attachment":[{"href":"https:\/\/www.weltbewusst-tuebingen.de\/index.php?rest_route=%2Fwp%2Fv2%2Fmedia&parent=2"}],"curies":[{"name":"wp","href":"https:\/\/api.w.org\/{rel}","templated":true}]}}