{"id":27,"date":"2025-01-15T19:04:01","date_gmt":"2025-01-15T18:04:01","guid":{"rendered":"https:\/\/www.weltbewusst-tuebingen.de\/?page_id=27"},"modified":"2026-03-05T17:50:17","modified_gmt":"2026-03-05T16:50:17","slug":"konsumkritische-stadtrundgaenge","status":"publish","type":"page","link":"https:\/\/www.weltbewusst-tuebingen.de\/?page_id=27","title":{"rendered":"Konsumkritische Stadtrundg\u00e4nge"},"content":{"rendered":"\n<p>Wie wirkt sich unser Konsumverhalten auf Mensch, Klima und Umwelt aus? Was hat T\u00fcbingen in Sachen Nachhaltigkeit zu bieten?<\/p>\n\n\n\n<p>Damit besch\u00e4ftigen wir uns u. a. beim Konsumkritischen Stadtrundgang \u2013 einer Kombination aus interaktiven Stationen und einem Stadtspaziergang. Die aktuellen Stationen beleuchten das Thema Ern\u00e4hrung &amp; CO<sub>2<\/sub> sowie den Lebenszyklus eines Smartphones. Beim Rundgang durch T\u00fcbingen zeigen wir nachhaltige Einkaufsm\u00f6glichkeiten in der Altstadt.<\/p>\n\n\n\n<p><strong>Lust auf einen Konsumkritischen Stadtrundgang durch T\u00fcbingen?<\/strong><\/p>\n\n\n\n<p><\/p>\n\n\n\n<h2 class=\"wp-block-heading\">1) Rundg\u00e4nge f\u00fcr Gruppen:<\/h2>\n\n\n\n<p>Gruppen wie Schulklassen, Freiwilligengruppen, Hochschulseminare oder \u00c4hnliche k\u00f6nnen uns gerne kontaktieren, um einen individuellen Rundgangstermin zu vereinbaren.<br>Durchschnittliche Dauer: 2,5 Stunden<br>Das Angebot ist kostenfrei.<\/p>\n\n\n\n<p>Anfragen an: <a href=\"mailto:info@weltbewusst-tuebingen.de\">info[at]weltbewusst-tuebingen.de<\/a><\/p>\n\n\n\n<p><\/p>\n\n\n\n<h2 class=\"wp-block-heading\">2) \u00d6ffentliche Rundg\u00e4nge:<\/h2>\n\n\n\n<p>Zweimal im Jahr &#8211; jeweils an einem Samstag im Mai und im Oktober &#8211; finden au\u00dferdem \u00f6ffentliche Konsumkritische Stadtrundg\u00e4nge statt, zu denen man sich \u00fcber die <a href=\"https:\/\/www.vhs-tuebingen.de\/index.php?id=9&amp;kathaupt=26%3B&amp;suchesetzen=false%3B&amp;kfs_stichwort_schlagwort=konsumkritischer+stadtrundgang&amp;tx_indexedsearch%5Bsubmit_button%5D=\" data-type=\"link\" data-id=\"https:\/\/www.vhs-tuebingen.de\/index.php?id=9&amp;kathaupt=26%3B&amp;suchesetzen=false%3B&amp;kfs_stichwort_schlagwort=konsumkritischer+stadtrundgang&amp;tx_indexedsearch%5Bsubmit_button%5D=\">Volkshochschule T\u00fcbingen<\/a> kostenlos anmelden kann. Die VHS-Stadtrundg\u00e4nge finden in der Regel ab einer Mindestanzahl von f\u00fcnf Personen statt.<\/p>\n\n\n\n<p><strong>N\u00e4chste \u00f6ffentliche Konsumkritische Stadtrundg\u00e4nge<\/strong>:<\/p>\n\n\n\n<p><\/p>\n\n\n\n<ul class=\"wp-block-list\">\n<li>Samstag, 09.05.2026, 14:00 &#8211; 16:30 Uhr<br><a href=\"https:\/\/www.vhs-tuebingen.de\/veranstaltungssuche\/kurs\/Konsumkritischer-Stadtrundgang-durch-die-Tuebinger-Innenstadt\/261-10456\" data-type=\"link\" data-id=\"https:\/\/www.vhs-tuebingen.de\/veranstaltungssuche\/kurs\/Konsumkritischer-Stadtrundgang-durch-die-Tuebinger-Innenstadt\/261-10456\">Hier kostenlos \u00fcber die VHS anmelden!<\/a><\/li>\n<\/ul>\n\n\n\n<p><\/p>\n","protected":false},"excerpt":{"rendered":"<p>Wie wirkt sich unser Konsumverhalten auf Mensch, Klima und Umwelt aus? Was hat T\u00fcbingen in Sachen Nachhaltigkeit zu bieten? Damit besch\u00e4ftigen wir uns u. a. beim Konsumkritischen Stadtrundgang \u2013 einer Kombination aus interaktiven Stationen und einem Stadtspaziergang. Die aktuellen Stationen beleuchten das Thema Ern\u00e4hrung &amp; CO2 sowie den Lebenszyklus eines Smartphones. Beim Rundgang durch T\u00fcbingen [&hellip;]<\/p>\n","protected":false},"author":1,"featured_media":0,"parent":0,"menu_order":0,"comment_status":"closed","ping_status":"closed","template":"","meta":{"footnotes":""},"class_list":["post-27","page","type-page","status-publish","hentry"],"_links":{"self":[{"href":"https:\/\/www.weltbewusst-tuebingen.de\/index.php?rest_route=\/wp\/v2\/pages\/27","targetHints":{"allow":["GET"]}}],"collection":[{"href":"https:\/\/www.weltbewusst-tuebingen.de\/index.php?rest_route=\/wp\/v2\/pages"}],"about":[{"href":"https:\/\/www.weltbewusst-tuebingen.de\/index.php?rest_route=\/wp\/v2\/types\/page"}],"author":[{"embeddable":true,"href":"https:\/\/www.weltbewusst-tuebingen.de\/index.php?rest_route=\/wp\/v2\/users\/1"}],"replies":[{"embeddable":true,"href":"https:\/\/www.weltbewusst-tuebingen.de\/index.php?rest_route=%2Fwp%2Fv2%2Fcomments&post=27"}],"version-history":[{"count":37,"href":"https:\/\/www.weltbewusst-tuebingen.de\/index.php?rest_route=\/wp\/v2\/pages\/27\/revisions"}],"predecessor-version":[{"id":151,"href":"https:\/\/www.weltbewusst-tuebingen.de\/index.php?rest_route=\/wp\/v2\/pages\/27\/revisions\/151"}],"wp:attachment":[{"href":"https:\/\/www.weltbewusst-tuebingen.de\/index.php?rest_route=%2Fwp%2Fv2%2Fmedia&parent=27"}],"curies":[{"name":"wp","href":"https:\/\/api.w.org\/{rel}","templated":true}]}}